{"id":27,"date":"2020-12-23T20:35:55","date_gmt":"2020-12-23T19:35:55","guid":{"rendered":"http:\/\/hearcandy-tymczasowa.dkonto.pl\/?page_id=27"},"modified":"2020-12-29T20:49:57","modified_gmt":"2020-12-29T19:49:57","slug":"artists","status":"publish","type":"page","link":"https:\/\/hearcandy-tymczasowa.dkonto.pl\/en\/artists\/","title":{"rendered":"A SELECTION OF ARTISTS"},"content":{"rendered":"<p>SALK (PL), Further Away (PL), KARI (PL), Fismoll (PL), Sonder (NO), t.est (PL), Kasia Pietrzko Trio (PL), Superhuman Like Brando (PL), Gracjan Kalandyk (PL), Annalie Wilson (UK), Lucky Boy (PL), The Duffs (PL), Familiar Wild (CA), Jayme Stone (US), Grohman Orchestra (PL), Stina Kjelstad (NO), deuair (UK), Zbyszek Szwajdych (PL), Tomek Krawczyk i zesp\u00f3l Detox (PL), Sforza\/Jasionowska (PL), Julie Hasfjord (NO), Justin Wright (CA), Il vento (PL), H.U.G (NO), Gryps (PL), Susanna Jara (PL), Ensemble Barocum (PL\/CA), Ceri Jones (UK), \u00a0Norfolk (PL), Stavanger Symphony Orchestra (PL), Amelie Patterson (CA), TanZaNo (TAN\/ZAN\/NO), Perfugium (PL), Puzzle (PL), Staszek Plewniak (PL), Martin Nodeland Trio (NO), Knut Kvifte Nesheim (NO), Joyful Voice (PL), Lege Artis (PL), Pawe\u0142 Haranczyk (PL), Marzena Nabaglo &amp; Adam Center (PL), Laura Dickens (CA), Sonya Lifschitz (AUT), Will Chiles (US), Kasia Roso\u0142ek (PL), Twinkids (US), Year of Glad (CA), Finger Gun (PL), Filip Jurczak (PL), Venezia Vivaldi (PL\/AT), Endy Yden (PL), Merkabah (PL), Mietall Walu\u015b (PL), Sekcja Muzyczna Ko\u0142\u0142\u0105tajowskiej Ku\u017ani Prawdziwych M\u0119\u017cczyzn (PL), NaliaH (PL), Ancymon (PL), meeow (PL), Antidotum (PL), Osiedle Przyja\u017a\u0144 (PL), Segue (PL), Bartek Dzikowski (PL), Szymon Bia\u0142ek (PL), Dr Abbend (PL), LOR (PL), Quindependence (PL), LASERY (PL), Oly (PL), Cracow Duo &#8211; Kalinowski &amp; Szlezer (PL), JJ5 (PL).<\/p>\n","protected":false},"excerpt":{"rendered":"<p>SALK (PL), Further Away (PL), KARI (PL), Fismoll (PL), Sonder (NO), t.est (PL), Kasia Pietrzko Trio (PL), Superhuman Like Brando (PL), Gracjan Kalandyk (PL), Annalie Wilson (UK), Lucky Boy (PL), The Duffs (PL), Familiar Wild (CA), Jayme Stone (US), Grohman Orchestra (PL), Stina Kjelstad (NO), deuair (UK), Zbyszek Szwajdych (PL), Tomek Krawczyk i zesp\u00f3l Detox &hellip; <\/p>\n<p class=\"link-more\"><a href=\"https:\/\/hearcandy-tymczasowa.dkonto.pl\/en\/artists\/\" class=\"more-link\">Continue reading<span class=\"screen-reader-text\"> &#8220;A SELECTION OF ARTISTS&#8221;<\/span><\/a><\/p>\n","protected":false},"author":1,"featured_media":0,"parent":0,"menu_order":0,"comment_status":"closed","ping_status":"closed","template":"","meta":{"footnotes":""},"class_list":["post-27","page","type-page","status-publish","hentry"],"_links":{"self":[{"href":"https:\/\/hearcandy-tymczasowa.dkonto.pl\/en\/wp-json\/wp\/v2\/pages\/27","targetHints":{"allow":["GET"]}}],"collection":[{"href":"https:\/\/hearcandy-tymczasowa.dkonto.pl\/en\/wp-json\/wp\/v2\/pages"}],"about":[{"href":"https:\/\/hearcandy-tymczasowa.dkonto.pl\/en\/wp-json\/wp\/v2\/types\/page"}],"author":[{"embeddable":true,"href":"https:\/\/hearcandy-tymczasowa.dkonto.pl\/en\/wp-json\/wp\/v2\/users\/1"}],"replies":[{"embeddable":true,"href":"https:\/\/hearcandy-tymczasowa.dkonto.pl\/en\/wp-json\/wp\/v2\/comments?post=27"}],"version-history":[{"count":4,"href":"https:\/\/hearcandy-tymczasowa.dkonto.pl\/en\/wp-json\/wp\/v2\/pages\/27\/revisions"}],"predecessor-version":[{"id":122,"href":"https:\/\/hearcandy-tymczasowa.dkonto.pl\/en\/wp-json\/wp\/v2\/pages\/27\/revisions\/122"}],"wp:attachment":[{"href":"https:\/\/hearcandy-tymczasowa.dkonto.pl\/en\/wp-json\/wp\/v2\/media?parent=27"}],"curies":[{"name":"wp","href":"https:\/\/api.w.org\/{rel}","templated":true}]}}